{"id":222,"date":"2025-04-24T07:02:41","date_gmt":"2025-04-24T07:02:41","guid":{"rendered":"https:\/\/altitudegal.caramescr.es\/?page_id=222"},"modified":"2025-04-24T07:06:14","modified_gmt":"2025-04-24T07:06:14","slug":"politica-privacidad","status":"publish","type":"page","link":"https:\/\/altitudegal.caramescr.es\/index.php\/politica-privacidad\/","title":{"rendered":"Pol\u00edtica de Privacidad"},"content":{"rendered":"\t\t<div data-elementor-type=\"wp-page\" data-elementor-id=\"222\" class=\"elementor elementor-222\">\n\t\t\t\t<div class=\"elementor-element elementor-element-48f76e30 e-con-full e-flex e-con e-parent\" data-id=\"48f76e30\" data-element_type=\"container\" data-e-type=\"container\">\n\t\t\t\t<div class=\"elementor-element elementor-element-778417ff elementor-widget elementor-widget-heading\" data-id=\"778417ff\" data-element_type=\"widget\" data-e-type=\"widget\" data-widget_type=\"heading.default\">\n\t\t\t\t<div class=\"elementor-widget-container\">\n\t\t\t\t\t<h2 class=\"elementor-heading-title elementor-size-default\">Pol\u00edtica de Privacidad<\/h2>\t\t\t\t<\/div>\n\t\t\t\t<\/div>\n\t\t\t\t<\/div>\n\t\t<div class=\"elementor-element elementor-element-93985b1 e-con-full e-flex e-con e-parent\" data-id=\"93985b1\" data-element_type=\"container\" data-e-type=\"container\">\n\t\t\t\t<div class=\"elementor-element elementor-element-45c40d1 elementor-widget elementor-widget-text-editor\" data-id=\"45c40d1\" data-element_type=\"widget\" data-e-type=\"widget\" data-widget_type=\"text-editor.default\">\n\t\t\t\t<div class=\"elementor-widget-container\">\n\t\t\t\t\t\t\t\t\t<p style=\"font-weight: 400;\"><b><strong>POLITICA DE PRIVACIDAD<\/strong><\/b><\/p><p style=\"font-weight: 400;\"><b><strong>1.-\u00a0<\/strong><\/b>El acceso a \u00e9ste sitio web y a aquellos perfiles\/cuentas de\u00a0<b><strong>ALTITUDE SISTEMAS ANTICA\u00cdDAS, S.L.<\/strong><\/b>\u00a0en Redes Sociales (que as\u00ed lo permitan) como visitante, sin demanda de ning\u00fan tipo de servicio, no requerir\u00e1 en ning\u00fan caso que el usuario tenga que facilitar ning\u00fan dato sobre si mismo.<\/p><p style=\"font-weight: 400;\"><b><strong>2<\/strong><\/b>.-\u00a0<b><strong>ALTITUDE SISTEMAS ANTICA\u00cdDAS, S.L.<\/strong><\/b>\u00a0ha procedido, de acuerdo con la legislaci\u00f3n vigente en materia de protecci\u00f3n de datos personales, a adoptar todas las medidas de \u00edndole t\u00e9cnica y organizativa a fin de garantizar en todo momento la confidencialidad e integridad de los datos que Vd. como usuario pudiere facilitarnos y evitar su alteraci\u00f3n o p\u00e9rdida.<\/p><p style=\"font-weight: 400;\"><b><strong>3.- Procedimientos de recogida de datos, finalidades de sus tratamientos y tiempo de conservaci\u00f3n<\/strong><\/b><\/p><p style=\"font-weight: 400;\">Los datos proporcionados a trav\u00e9s de cualquiera de los enlaces\/formularios que haya en el website\u00a0<u>www.altitude.gal<\/u>\u00a0as\u00ed como los resultantes de la relaci\u00f3n establecida, formar\u00e1n parte de uno o varios tratamientos del\/de los cual\/es\u00a0<b><strong>ALTITUDE SISTEMAS ANTICA\u00cdDAS, S.L.\u00a0<\/strong><\/b>es responsable, conserv\u00e1ndose mientras dure la citada relaci\u00f3n o durante los a\u00f1os necesarios para cumplir con las distintas obligaciones legales que en cualquier momento y en cualquier medida le sean de aplicaci\u00f3n.\u00a0<u>As\u00ed mismo podr\u00e1n ser utilizados, seg\u00fan proceda, para<\/u>: la prestaci\u00f3n del servicio solicitado, la atenci\u00f3n a su demanda de informaci\u00f3n y\/o a venta del art\u00edculo\/s seleccionado\/s; la gesti\u00f3n de su demanda de empleo y\/o su inclusi\u00f3n en procesos selectivos al respecto, tanto presentes como futuros, adem\u00e1s de mantener futuros contactos comerciales que\u00a0<b><strong>ALTITUDE SISTEMAS ANTICA\u00cdDAS, S.L.<\/strong><\/b>\u00a0considere que puedan ser de su inter\u00e9s. Caso de que el medio de suministro por parte del usuario de sus datos sea a trav\u00e9s de redes sociales d\u00f3nde\u00a0<b><strong>ALTITUDE SISTEMAS ANTICA\u00cdDAS, S.L.<\/strong><\/b>\u00a0tenga un perfil\/cuenta activa, y su finalidad sea distinta a la meramente necesaria para las condiciones de utilizaci\u00f3n que marque cada red social en particular, deber\u00e1 de dirigirse a los formularios\/enlaces del Sitio Web de\u00a0<b><strong>ALTITUDE SISTEMAS ANTICA\u00cdDAS, S.L.<\/strong><\/b>\u00a0para la atenci\u00f3n de cualquier otro tipo de servicio por parte de \u00e9sta.<\/p><p style=\"font-weight: 400;\"><b><strong><em>En los formularios para la recogida de datos, se se\u00f1alar\u00e1 cu\u00e1les tienen car\u00e1cter obligatorio y cu\u00e1les no. El no suministro de datos calificados como de car\u00e1cter obligatorio supondr\u00e1 la imposibilidad de acceder al servicio o la no prestaci\u00f3n de \u00e9ste<\/em><\/strong><\/b>.<\/p><p style=\"font-weight: 400;\"><b><strong>4.- Petici\u00f3n de Consentimientos<\/strong><\/b><\/p><p style=\"font-weight: 400;\">El titular de los datos suministrados autoriza<b><strong><u>\u00a0de forma expresa<\/u><\/strong><\/b>, mediante la\u00a0<b><strong><u>aceptaci\u00f3n<\/u><\/strong><\/b>\u00a0de la presente pol\u00edtica de privacidad: el tratamiento de \u00e9stos por parte de\u00a0<b><strong>ALTITUDE SISTEMAS ANTICA\u00cdDAS, S.L.\u00a0<\/strong><\/b>para las finalidades descritas (incluidas en el caso de ventas de productos suministrados por \u00e9sta directamente o a trav\u00e9s de terceros, la comunicaci\u00f3n a entidades distintas de\u00a0<b><strong>ALTITUDE SISTEMAS ANTICA\u00cdDAS<\/strong><\/b>,\u00a0<b><strong>S.L.<\/strong><\/b>\u00a0\u00a0de aquellos datos necesarios para cualquier gesti\u00f3n relativa al producto\/s adquirido\/s: entrega, devoluci\u00f3n, garant\u00eda, etc.); el env\u00edo tanto por v\u00eda telem\u00e1tica, como por cualquier otro medio ordinario o que en un futuro la t\u00e9cnica desarrolle, cuanta informaci\u00f3n y\/o publicidad,\u00a0<b><strong>ALTITUDE SISTEMAS ANTICA\u00cdDAS, S.L.<\/strong><\/b>\u00a0entienda pertinente sobre la informaci\u00f3n\/servicios demandados o cualquier otro que la entidad considere que pueda ser de su inter\u00e9s.<\/p><p style=\"font-weight: 400;\">\u00a0 \u00a0El usuario de los perfiles\/cuentas de\u00a0<b><strong>ALTITUDE SISTEMAS ANTICA\u00cdDAS, S.L.<\/strong><\/b>\u00a0en redes sociales, autoriza, en aquellos supuestos que la legislaci\u00f3n lo permita, la utilizaci\u00f3n, reproducci\u00f3n y\/o comunicaci\u00f3n a terceros de cualquier opini\u00f3n y archivo de audio\/video (sin copyright) que el mismo inserte en dichas redes. En todo caso y especialmente en archivos de audio\/video se entender\u00e1 que el usuario cuenta con autorizaci\u00f3n de personas que aparezcan en ellos distintas al mismo, siendo de su\u00a0<b><strong><u>\u00fanica y exclusiva responsabilidad<\/u><\/strong><\/b>\u00a0la no contemplaci\u00f3n de \u00e9stos hechos.<\/p><p style=\"font-weight: 400;\">Asimismo y de acuerdo con lo anterior, el usuario, se compromete a\u00a0<b><strong>comunicar<\/strong><\/b>\u00a0por el mismo medio y en los t\u00e9rminos que se establecen para el ejercicio de derechos cualquier modificaci\u00f3n que se produzca en los datos aportados.<\/p><p style=\"font-weight: 400;\">El usuario podr\u00e1 revocar su consentimiento para los tratamientos se\u00f1alados en los p\u00e1rrafos anteriores de acuerdo con lo establecido en la legislaci\u00f3n vigente en materia de protecci\u00f3n de datos personales a la direcci\u00f3n del Responsable de Tratamiento:\u00a0<b><strong>ALTITUDE SISTEMAS ANTICA\u00cdDAS, S.L.<\/strong><\/b>,\u00a0<b><strong>calle Zeppelin, 17-19 \/ Nave 6. Pol\u00edgono industrial Esp\u00edritu Santo; 15650 Cambre (A Coru\u00f1a)<\/strong><\/b>\u00a0mediante los procedimientos que est\u00e9n establecidos legalmente en cada momento.<\/p><p style=\"font-weight: 400;\">Igualmente y con car\u00e1cter previo, el usuario, a trav\u00e9s de los cuadros de verificaci\u00f3n establecidos en los distintos formularios o mediante env\u00edo de mail, podr\u00e1 indicar a\u00a0<b><strong>ALTITUDE SISTEMAS ANTICA\u00cdDAS, S.L.<\/strong><\/b>, que no desea recibir m\u00e1s informaci\u00f3n\/publicidad de la inherente a la petici\u00f3n solicitada y\/o a los servicios contratados.<\/p><p style=\"font-weight: 400;\"><b><strong>5.- Ejercicio de Derechos<\/strong><\/b><\/p><p style=\"font-weight: 400;\">Le informamos de que debe dirigirse por cualquier medio que permita acreditar el env\u00edo y recepci\u00f3n de la solicitud, a\u00a0<b><strong>ALTITUDE SISTEMAS ANTICA\u00cdDAS, S.L.,\u00a0calle Zeppelin, 17-19 \/ Nave 6. Pol\u00edgono industrial Esp\u00edritu Santo; 15650 Cambre (A Coru\u00f1a)<\/strong><\/b>, para el ejercicio de los derechos de acceso, rectificaci\u00f3n, oposici\u00f3n, supresi\u00f3n y limitaci\u00f3n de tratamiento de los datos personales. As\u00ed mismo, tambi\u00e9n podr\u00e1 ejercitar su derecho de reclamaci\u00f3n y\/o tutela ante la Agencia Espa\u00f1ola de Protecci\u00f3n de Datos, siguiendo para ello lo indicado en cada momento por la citada entidad.<\/p><p style=\"font-weight: 400;\"><b><strong>6.- ALTITUDE SISTEMAS ANTICA\u00cdDAS, S.L.<\/strong><\/b>\u00a0se compromete, en la medida de sus posibilidades, a atender las peticiones que en cualquier momento y utilizando siempre los cauces que la ley establezca, pueda plantear el usuario, en cuanto a observaciones, mejoras y reclamaciones.<\/p>\t\t\t\t\t\t\t\t<\/div>\n\t\t\t\t<\/div>\n\t\t\t\t<\/div>\n\t\t\t\t<\/div>\n\t\t","protected":false},"excerpt":{"rendered":"<p>Pol\u00edtica de Privacidad POLITICA DE PRIVACIDAD 1.-\u00a0El acceso a \u00e9ste sitio web y a aquellos perfiles\/cuentas de\u00a0ALTITUDE SISTEMAS ANTICA\u00cdDAS, S.L.\u00a0en Redes Sociales (que as\u00ed lo permitan) como visitante, sin demanda de ning\u00fan tipo de servicio, no requerir\u00e1 en ning\u00fan caso que el usuario tenga que facilitar ning\u00fan dato sobre si mismo. 2.-\u00a0ALTITUDE SISTEMAS ANTICA\u00cdDAS, S.L.\u00a0ha [&hellip;]<\/p>\n","protected":false},"author":1,"featured_media":47,"parent":0,"menu_order":0,"comment_status":"closed","ping_status":"closed","template":"elementor_canvas","meta":{"footnotes":""},"class_list":["post-222","page","type-page","status-publish","has-post-thumbnail","hentry"],"yoast_head":"<!-- This site is optimized with the Yoast SEO plugin v27.3 - https:\/\/yoast.com\/product\/yoast-seo-wordpress\/ -->\n<title>Pol\u00edtica de Privacidad - Altitude, dispositivos de anclaje<\/title>\n<meta name=\"robots\" content=\"index, follow, max-snippet:-1, max-image-preview:large, max-video-preview:-1\" \/>\n<link rel=\"canonical\" href=\"https:\/\/altitudegal.caramescr.es\/index.php\/politica-privacidad\/\" \/>\n<meta property=\"og:locale\" content=\"es_ES\" \/>\n<meta property=\"og:type\" content=\"article\" \/>\n<meta property=\"og:title\" content=\"Pol\u00edtica de Privacidad - Altitude, dispositivos de anclaje\" \/>\n<meta property=\"og:description\" content=\"Pol\u00edtica de Privacidad POLITICA DE PRIVACIDAD 1.-\u00a0El acceso a \u00e9ste sitio web y a aquellos perfiles\/cuentas de\u00a0ALTITUDE SISTEMAS ANTICA\u00cdDAS, S.L.\u00a0en Redes Sociales (que as\u00ed lo permitan) como visitante, sin demanda de ning\u00fan tipo de servicio, no requerir\u00e1 en ning\u00fan caso que el usuario tenga que facilitar ning\u00fan dato sobre si mismo. 2.-\u00a0ALTITUDE SISTEMAS ANTICA\u00cdDAS, S.L.\u00a0ha [&hellip;]\" \/>\n<meta property=\"og:url\" content=\"https:\/\/altitudegal.caramescr.es\/index.php\/politica-privacidad\/\" \/>\n<meta property=\"og:site_name\" content=\"Altitude, dispositivos de anclaje\" \/>\n<meta property=\"article:modified_time\" content=\"2025-04-24T07:06:14+00:00\" \/>\n<meta property=\"og:image\" content=\"https:\/\/altitudegal.caramescr.es\/wp-content\/uploads\/2025\/04\/About-400_380.jpg\" \/>\n\t<meta property=\"og:image:width\" content=\"400\" \/>\n\t<meta property=\"og:image:height\" content=\"380\" \/>\n\t<meta property=\"og:image:type\" content=\"image\/jpeg\" \/>\n<meta name=\"twitter:card\" content=\"summary_large_image\" \/>\n<meta name=\"twitter:label1\" content=\"Tiempo de lectura\" \/>\n\t<meta name=\"twitter:data1\" content=\"4 minutos\" \/>\n<script type=\"application\/ld+json\" class=\"yoast-schema-graph\">{\"@context\":\"https:\\\/\\\/schema.org\",\"@graph\":[{\"@type\":\"WebPage\",\"@id\":\"https:\\\/\\\/altitudegal.caramescr.es\\\/index.php\\\/politica-privacidad\\\/\",\"url\":\"https:\\\/\\\/altitudegal.caramescr.es\\\/index.php\\\/politica-privacidad\\\/\",\"name\":\"Pol\u00edtica de Privacidad - Altitude, dispositivos de anclaje\",\"isPartOf\":{\"@id\":\"https:\\\/\\\/altitudegal.caramescr.es\\\/#website\"},\"primaryImageOfPage\":{\"@id\":\"https:\\\/\\\/altitudegal.caramescr.es\\\/index.php\\\/politica-privacidad\\\/#primaryimage\"},\"image\":{\"@id\":\"https:\\\/\\\/altitudegal.caramescr.es\\\/index.php\\\/politica-privacidad\\\/#primaryimage\"},\"thumbnailUrl\":\"https:\\\/\\\/altitudegal.caramescr.es\\\/wp-content\\\/uploads\\\/2025\\\/04\\\/About-400_380.jpg\",\"datePublished\":\"2025-04-24T07:02:41+00:00\",\"dateModified\":\"2025-04-24T07:06:14+00:00\",\"breadcrumb\":{\"@id\":\"https:\\\/\\\/altitudegal.caramescr.es\\\/index.php\\\/politica-privacidad\\\/#breadcrumb\"},\"inLanguage\":\"es\",\"potentialAction\":[{\"@type\":\"ReadAction\",\"target\":[\"https:\\\/\\\/altitudegal.caramescr.es\\\/index.php\\\/politica-privacidad\\\/\"]}]},{\"@type\":\"ImageObject\",\"inLanguage\":\"es\",\"@id\":\"https:\\\/\\\/altitudegal.caramescr.es\\\/index.php\\\/politica-privacidad\\\/#primaryimage\",\"url\":\"https:\\\/\\\/altitudegal.caramescr.es\\\/wp-content\\\/uploads\\\/2025\\\/04\\\/About-400_380.jpg\",\"contentUrl\":\"https:\\\/\\\/altitudegal.caramescr.es\\\/wp-content\\\/uploads\\\/2025\\\/04\\\/About-400_380.jpg\",\"width\":400,\"height\":380},{\"@type\":\"BreadcrumbList\",\"@id\":\"https:\\\/\\\/altitudegal.caramescr.es\\\/index.php\\\/politica-privacidad\\\/#breadcrumb\",\"itemListElement\":[{\"@type\":\"ListItem\",\"position\":1,\"name\":\"Portada\",\"item\":\"https:\\\/\\\/altitudegal.caramescr.es\\\/\"},{\"@type\":\"ListItem\",\"position\":2,\"name\":\"Pol\u00edtica de Privacidad\"}]},{\"@type\":\"WebSite\",\"@id\":\"https:\\\/\\\/altitudegal.caramescr.es\\\/#website\",\"url\":\"https:\\\/\\\/altitudegal.caramescr.es\\\/\",\"name\":\"Altitude, dispositivos de anclaje\",\"description\":\"La protecci\u00f3n m\u00e1s cara es la que se instala tarde\",\"publisher\":{\"@id\":\"https:\\\/\\\/altitudegal.caramescr.es\\\/#organization\"},\"potentialAction\":[{\"@type\":\"SearchAction\",\"target\":{\"@type\":\"EntryPoint\",\"urlTemplate\":\"https:\\\/\\\/altitudegal.caramescr.es\\\/?s={search_term_string}\"},\"query-input\":{\"@type\":\"PropertyValueSpecification\",\"valueRequired\":true,\"valueName\":\"search_term_string\"}}],\"inLanguage\":\"es\"},{\"@type\":\"Organization\",\"@id\":\"https:\\\/\\\/altitudegal.caramescr.es\\\/#organization\",\"name\":\"Altitude, dispositivos de anclaje\",\"url\":\"https:\\\/\\\/altitudegal.caramescr.es\\\/\",\"logo\":{\"@type\":\"ImageObject\",\"inLanguage\":\"es\",\"@id\":\"https:\\\/\\\/altitudegal.caramescr.es\\\/#\\\/schema\\\/logo\\\/image\\\/\",\"url\":\"https:\\\/\\\/altitudegal.caramescr.es\\\/wp-content\\\/uploads\\\/2025\\\/04\\\/ALTITUDE-simbolo.png\",\"contentUrl\":\"https:\\\/\\\/altitudegal.caramescr.es\\\/wp-content\\\/uploads\\\/2025\\\/04\\\/ALTITUDE-simbolo.png\",\"width\":396,\"height\":233,\"caption\":\"Altitude, dispositivos de anclaje\"},\"image\":{\"@id\":\"https:\\\/\\\/altitudegal.caramescr.es\\\/#\\\/schema\\\/logo\\\/image\\\/\"}}]}<\/script>\n<!-- \/ Yoast SEO plugin. -->","yoast_head_json":{"title":"Pol\u00edtica de Privacidad - Altitude, dispositivos de anclaje","robots":{"index":"index","follow":"follow","max-snippet":"max-snippet:-1","max-image-preview":"max-image-preview:large","max-video-preview":"max-video-preview:-1"},"canonical":"https:\/\/altitudegal.caramescr.es\/index.php\/politica-privacidad\/","og_locale":"es_ES","og_type":"article","og_title":"Pol\u00edtica de Privacidad - Altitude, dispositivos de anclaje","og_description":"Pol\u00edtica de Privacidad POLITICA DE PRIVACIDAD 1.-\u00a0El acceso a \u00e9ste sitio web y a aquellos perfiles\/cuentas de\u00a0ALTITUDE SISTEMAS ANTICA\u00cdDAS, S.L.\u00a0en Redes Sociales (que as\u00ed lo permitan) como visitante, sin demanda de ning\u00fan tipo de servicio, no requerir\u00e1 en ning\u00fan caso que el usuario tenga que facilitar ning\u00fan dato sobre si mismo. 2.-\u00a0ALTITUDE SISTEMAS ANTICA\u00cdDAS, S.L.\u00a0ha [&hellip;]","og_url":"https:\/\/altitudegal.caramescr.es\/index.php\/politica-privacidad\/","og_site_name":"Altitude, dispositivos de anclaje","article_modified_time":"2025-04-24T07:06:14+00:00","og_image":[{"width":400,"height":380,"url":"https:\/\/altitudegal.caramescr.es\/wp-content\/uploads\/2025\/04\/About-400_380.jpg","type":"image\/jpeg"}],"twitter_card":"summary_large_image","twitter_misc":{"Tiempo de lectura":"4 minutos"},"schema":{"@context":"https:\/\/schema.org","@graph":[{"@type":"WebPage","@id":"https:\/\/altitudegal.caramescr.es\/index.php\/politica-privacidad\/","url":"https:\/\/altitudegal.caramescr.es\/index.php\/politica-privacidad\/","name":"Pol\u00edtica de Privacidad - Altitude, dispositivos de anclaje","isPartOf":{"@id":"https:\/\/altitudegal.caramescr.es\/#website"},"primaryImageOfPage":{"@id":"https:\/\/altitudegal.caramescr.es\/index.php\/politica-privacidad\/#primaryimage"},"image":{"@id":"https:\/\/altitudegal.caramescr.es\/index.php\/politica-privacidad\/#primaryimage"},"thumbnailUrl":"https:\/\/altitudegal.caramescr.es\/wp-content\/uploads\/2025\/04\/About-400_380.jpg","datePublished":"2025-04-24T07:02:41+00:00","dateModified":"2025-04-24T07:06:14+00:00","breadcrumb":{"@id":"https:\/\/altitudegal.caramescr.es\/index.php\/politica-privacidad\/#breadcrumb"},"inLanguage":"es","potentialAction":[{"@type":"ReadAction","target":["https:\/\/altitudegal.caramescr.es\/index.php\/politica-privacidad\/"]}]},{"@type":"ImageObject","inLanguage":"es","@id":"https:\/\/altitudegal.caramescr.es\/index.php\/politica-privacidad\/#primaryimage","url":"https:\/\/altitudegal.caramescr.es\/wp-content\/uploads\/2025\/04\/About-400_380.jpg","contentUrl":"https:\/\/altitudegal.caramescr.es\/wp-content\/uploads\/2025\/04\/About-400_380.jpg","width":400,"height":380},{"@type":"BreadcrumbList","@id":"https:\/\/altitudegal.caramescr.es\/index.php\/politica-privacidad\/#breadcrumb","itemListElement":[{"@type":"ListItem","position":1,"name":"Portada","item":"https:\/\/altitudegal.caramescr.es\/"},{"@type":"ListItem","position":2,"name":"Pol\u00edtica de Privacidad"}]},{"@type":"WebSite","@id":"https:\/\/altitudegal.caramescr.es\/#website","url":"https:\/\/altitudegal.caramescr.es\/","name":"Altitude, dispositivos de anclaje","description":"La protecci\u00f3n m\u00e1s cara es la que se instala tarde","publisher":{"@id":"https:\/\/altitudegal.caramescr.es\/#organization"},"potentialAction":[{"@type":"SearchAction","target":{"@type":"EntryPoint","urlTemplate":"https:\/\/altitudegal.caramescr.es\/?s={search_term_string}"},"query-input":{"@type":"PropertyValueSpecification","valueRequired":true,"valueName":"search_term_string"}}],"inLanguage":"es"},{"@type":"Organization","@id":"https:\/\/altitudegal.caramescr.es\/#organization","name":"Altitude, dispositivos de anclaje","url":"https:\/\/altitudegal.caramescr.es\/","logo":{"@type":"ImageObject","inLanguage":"es","@id":"https:\/\/altitudegal.caramescr.es\/#\/schema\/logo\/image\/","url":"https:\/\/altitudegal.caramescr.es\/wp-content\/uploads\/2025\/04\/ALTITUDE-simbolo.png","contentUrl":"https:\/\/altitudegal.caramescr.es\/wp-content\/uploads\/2025\/04\/ALTITUDE-simbolo.png","width":396,"height":233,"caption":"Altitude, dispositivos de anclaje"},"image":{"@id":"https:\/\/altitudegal.caramescr.es\/#\/schema\/logo\/image\/"}}]}},"_links":{"self":[{"href":"https:\/\/altitudegal.caramescr.es\/index.php\/wp-json\/wp\/v2\/pages\/222","targetHints":{"allow":["GET"]}}],"collection":[{"href":"https:\/\/altitudegal.caramescr.es\/index.php\/wp-json\/wp\/v2\/pages"}],"about":[{"href":"https:\/\/altitudegal.caramescr.es\/index.php\/wp-json\/wp\/v2\/types\/page"}],"author":[{"embeddable":true,"href":"https:\/\/altitudegal.caramescr.es\/index.php\/wp-json\/wp\/v2\/users\/1"}],"replies":[{"embeddable":true,"href":"https:\/\/altitudegal.caramescr.es\/index.php\/wp-json\/wp\/v2\/comments?post=222"}],"version-history":[{"count":4,"href":"https:\/\/altitudegal.caramescr.es\/index.php\/wp-json\/wp\/v2\/pages\/222\/revisions"}],"predecessor-version":[{"id":227,"href":"https:\/\/altitudegal.caramescr.es\/index.php\/wp-json\/wp\/v2\/pages\/222\/revisions\/227"}],"wp:featuredmedia":[{"embeddable":true,"href":"https:\/\/altitudegal.caramescr.es\/index.php\/wp-json\/wp\/v2\/media\/47"}],"wp:attachment":[{"href":"https:\/\/altitudegal.caramescr.es\/index.php\/wp-json\/wp\/v2\/media?parent=222"}],"curies":[{"name":"wp","href":"https:\/\/api.w.org\/{rel}","templated":true}]}}